{"id":231382,"date":"2023-10-24T14:52:14","date_gmt":"2023-10-24T14:52:14","guid":{"rendered":"https:\/\/www.jpbriere.be\/splashbacks\/"},"modified":"2024-02-28T07:34:04","modified_gmt":"2024-02-28T07:34:04","slug":"splashbacks","status":"publish","type":"page","link":"https:\/\/www.jpbriere.be\/en\/splashbacks\/","title":{"rendered":"Splashbacks"},"content":{"rendered":"<p>[et_pb_section fb_built=&#8221;1&#8243; admin_label=&#8221;Header&#8221; _builder_version=&#8221;4.22.2&#8243; _module_preset=&#8221;default&#8221; background_color=&#8221;gcid-5aa9ce6a-8a5e-4347-973a-c6b91f603234&#8243; use_background_color_gradient=&#8221;on&#8221; background_color_gradient_stops=&#8221;rgba(0,0,0,0.7) 0%|rgba(0,0,0,0.7) 100%&#8221; background_color_gradient_overlays_image=&#8221;on&#8221; background_image=&#8221;https:\/\/www.jpbriere.be\/wp-content\/uploads\/2023\/10\/Credences-2-scaled.jpg&#8221; background_position=&#8221;bottom_center&#8221; background_vertical_offset=&#8221;36%&#8221; width=&#8221;94%&#8221; width_tablet=&#8221;80%&#8221; width_phone=&#8221;80%&#8221; width_last_edited=&#8221;on|desktop&#8221; max_width=&#8221;2000px&#8221; module_alignment=&#8221;center&#8221; custom_margin=&#8221;3vw||20px||false|false&#8221; custom_margin_tablet=&#8221;||0px||false|false&#8221; custom_margin_phone=&#8221;||0px||false|false&#8221; custom_margin_last_edited=&#8221;on|tablet&#8221; custom_padding=&#8221;6vw||6vw||true|false&#8221; animation_style=&#8221;fade&#8221; border_radii=&#8221;on|10px|10px|10px|10px&#8221; locked=&#8221;off&#8221; collapsed=&#8221;on&#8221; global_colors_info=&#8221;{%22gcid-5aa9ce6a-8a5e-4347-973a-c6b91f603234%22:%91%22background_color%22,%22background_color%22%93}&#8221;][et_pb_row _builder_version=&#8221;4.21.0&#8243; _module_preset=&#8221;default&#8221; global_colors_info=&#8221;{}&#8221;][et_pb_column type=&#8221;4_4&#8243; _builder_version=&#8221;4.21.0&#8243; _module_preset=&#8221;default&#8221; global_colors_info=&#8221;{}&#8221;][et_pb_text _builder_version=&#8221;4.22.2&#8243; _module_preset=&#8221;2a815773-d5bb-47ff-a6b0-d2e4b9a60fc3&#8243; header_font=&#8221;||||||||&#8221; header_text_color=&#8221;#FFFFFF&#8221; header_font_size=&#8221;72px&#8221; header_line_height=&#8221;1.2em&#8221; text_orientation=&#8221;center&#8221; animation_style=&#8221;fade&#8221; animation_delay=&#8221;100ms&#8221; header_font_size_tablet=&#8221;40px&#8221; header_font_size_phone=&#8221;24px&#8221; header_font_size_last_edited=&#8221;on|desktop&#8221; locked=&#8221;off&#8221; global_colors_info=&#8221;{}&#8221;]<\/p>\n<h1>Splashbacks<\/h1>\n<p>[\/et_pb_text][\/et_pb_column][\/et_pb_row][\/et_pb_section][et_pb_section fb_built=&#8221;1&#8243; admin_label=&#8221;Services&#8221; _builder_version=&#8221;4.21.0&#8243; _module_preset=&#8221;default&#8221; collapsed=&#8221;on&#8221; global_colors_info=&#8221;{}&#8221;][et_pb_row _builder_version=&#8221;4.22.1&#8243; _module_preset=&#8221;default&#8221; max_width=&#8221;800px&#8221; global_colors_info=&#8221;{}&#8221;][et_pb_column type=&#8221;4_4&#8243; _builder_version=&#8221;4.21.0&#8243; _module_preset=&#8221;default&#8221; global_colors_info=&#8221;{}&#8221;][et_pb_text _builder_version=&#8221;4.22.1&#8243; _module_preset=&#8221;3d4a3a08-78d8-45b3-8d7f-340247981476&#8243; header_4_font=&#8221;Inter|700||on|||||&#8221; header_4_font_size=&#8221;14px&#8221; header_4_letter_spacing=&#8221;0.3em&#8221; header_4_line_height=&#8221;1.4em&#8221; text_orientation=&#8221;center&#8221; custom_margin=&#8221;||20px||false|false&#8221; animation_style=&#8221;fade&#8221; animation_delay=&#8221;200ms&#8221; global_colors_info=&#8221;{}&#8221;]<\/p>\n<h4>Products &amp; services<\/h4>\n<p>[\/et_pb_text][et_pb_text _builder_version=&#8221;4.22.2&#8243; _module_preset=&#8221;93715de9-8694-490e-b2fd-b4516cf6adbe&#8221; header_2_font=&#8221;|300|||||||&#8221; header_2_font_size=&#8221;52px&#8221; header_2_line_height=&#8221;1.2em&#8221; text_orientation=&#8221;center&#8221; custom_margin=&#8221;||10px||false|false&#8221; animation_style=&#8221;fade&#8221; animation_delay=&#8221;200ms&#8221; header_2_font_size_tablet=&#8221;32px&#8221; header_2_font_size_phone=&#8221;20px&#8221; header_2_font_size_last_edited=&#8221;on|desktop&#8221; global_colors_info=&#8221;{}&#8221;]<\/p>\n<h2>Splash walls: practical beauty for your kitchen<\/h2>\n<p>[\/et_pb_text][et_pb_text _builder_version=&#8221;4.22.2&#8243; _module_preset=&#8221;6f0326ac-2a03-44e2-a556-59b59586bed1&#8243; text_font=&#8221;|300|||||||&#8221; text_font_size=&#8221;16px&#8221; text_line_height=&#8221;1.8em&#8221; text_orientation=&#8221;center&#8221; animation_style=&#8221;fade&#8221; animation_delay=&#8221;200ms&#8221; text_font_size_tablet=&#8221;15px&#8221; text_font_size_phone=&#8221;14px&#8221; text_font_size_last_edited=&#8221;on|desktop&#8221; global_colors_info=&#8221;{}&#8221;]A glass splash wall for the kitchen is both an aesthetic and a practical solution. We have a solution for you regardless of the look or composition of your kitchen.[\/et_pb_text][et_pb_text _builder_version=&#8221;4.22.2&#8243; _module_preset=&#8221;93715de9-8694-490e-b2fd-b4516cf6adbe&#8221; header_2_font=&#8221;Prata||||||||&#8221; header_2_font_size=&#8221;52px&#8221; header_2_line_height=&#8221;1.2em&#8221; header_3_font=&#8221;|300|||||||&#8221; text_orientation=&#8221;center&#8221; custom_margin=&#8221;||10px||false|false&#8221; custom_padding=&#8221;20px||||false|false&#8221; animation_style=&#8221;fade&#8221; animation_delay=&#8221;100ms&#8221; header_2_font_size_tablet=&#8221;32px&#8221; header_2_font_size_phone=&#8221;20px&#8221; header_2_font_size_last_edited=&#8221;on|desktop&#8221; global_colors_info=&#8221;{}&#8221;]<\/p>\n<h3>The benefits of a glass splashback<\/h3>\n<p>[\/et_pb_text][et_pb_text _builder_version=&#8221;4.22.2&#8243; _module_preset=&#8221;6f0326ac-2a03-44e2-a556-59b59586bed1&#8243; text_font=&#8221;|300|||||||&#8221; text_font_size=&#8221;16px&#8221; text_line_height=&#8221;1.8em&#8221; text_orientation=&#8221;center&#8221; animation_style=&#8221;fade&#8221; animation_delay=&#8221;100ms&#8221; text_font_size_tablet=&#8221;15px&#8221; text_font_size_phone=&#8221;14px&#8221; text_font_size_last_edited=&#8221;on|desktop&#8221; global_colors_info=&#8221;{}&#8221;]Installing a glass splash wall offers you several advantages over other wall coverings in your kitchen. The first advantage is that you have an unlimited choice of colors available to you. After all, a splash wall is simply glass with a coat of paint. So you can choose any color you want.<\/p>\n<p>Moreover, a glass splashback is very easy to maintain. Just go over it with a damp cloth and your kitchen is clean and shiny again.<\/p>\n<p>Finally, the glass backsplash protects your wall excellently from grease and water splashes.[\/et_pb_text][\/et_pb_column][\/et_pb_row][\/et_pb_section][et_pb_section fb_built=&#8221;1&#8243; custom_padding_last_edited=&#8221;on|tablet&#8221; admin_label=&#8221;Call to Action&#8221; _builder_version=&#8221;4.21.0&#8243; _module_preset=&#8221;default&#8221; custom_padding=&#8221;0px||20px||false|false&#8221; custom_padding_tablet=&#8221;0px||0px||false|false&#8221; custom_padding_phone=&#8221;0px||0px||false|false&#8221; locked=&#8221;off&#8221; collapsed=&#8221;on&#8221; global_colors_info=&#8221;{}&#8221;][et_pb_row column_structure=&#8221;2_5,3_5&#8243; use_custom_gutter=&#8221;on&#8221; gutter_width=&#8221;2&#8243; make_equal=&#8221;on&#8221; custom_padding_last_edited=&#8221;on|tablet&#8221; _builder_version=&#8221;4.23.4&#8243; _module_preset=&#8221;default&#8221; width=&#8221;94%&#8221; width_tablet=&#8221;80%&#8221; width_phone=&#8221;80%&#8221; width_last_edited=&#8221;on|tablet&#8221; max_width=&#8221;2000px&#8221; custom_padding=&#8221;||20px||false|false&#8221; custom_padding_tablet=&#8221;||||false|false&#8221; custom_padding_phone=&#8221;||||false|false&#8221; global_colors_info=&#8221;{}&#8221;][et_pb_column type=&#8221;2_5&#8243; _builder_version=&#8221;4.23.4&#8243; _module_preset=&#8221;default&#8221; background_image=&#8221;https:\/\/www.jpbriere.be\/wp-content\/uploads\/2024\/01\/Credence-scaled.jpg&#8221; animation_style=&#8221;slide&#8221; animation_direction=&#8221;left&#8221; animation_intensity_slide=&#8221;1%&#8221; border_radii=&#8221;on|10px|10px|10px|10px&#8221; global_colors_info=&#8221;{}&#8221;][et_pb_divider show_divider=&#8221;off&#8221; _builder_version=&#8221;4.21.0&#8243; _module_preset=&#8221;default&#8221; height_tablet=&#8221;40vw&#8221; height_phone=&#8221;40vw&#8221; height_last_edited=&#8221;on|desktop&#8221; locked=&#8221;off&#8221; global_colors_info=&#8221;{}&#8221;][\/et_pb_divider][\/et_pb_column][et_pb_column type=&#8221;3_5&#8243; _builder_version=&#8221;4.22.1&#8243; _module_preset=&#8221;default&#8221; background_color=&#8221;gcid-70184d90-89dc-4d37-8a72-67bb78c7369e&#8221; custom_padding=&#8221;5vw|50px|5vw|50px|true|true&#8221; custom_padding_tablet=&#8221;|30px||30px|true|true&#8221; custom_padding_phone=&#8221;|20px||20px|true|true&#8221; custom_padding_last_edited=&#8221;on|phone&#8221; animation_style=&#8221;fade&#8221; border_radii=&#8221;on|10px|10px|10px|10px&#8221; global_colors_info=&#8221;{%22gcid-70184d90-89dc-4d37-8a72-67bb78c7369e%22:%91%22background_color%22%93}&#8221;][et_pb_text _builder_version=&#8221;4.22.2&#8243; _module_preset=&#8221;85e1bc9e-2d37-4c86-b860-c70d815c9cbb&#8221; header_3_font=&#8221;|300|||||||&#8221; header_3_font_size=&#8221;36px&#8221; header_3_line_height=&#8221;1.4em&#8221; custom_margin=&#8221;||10px||false|false&#8221; header_3_font_size_tablet=&#8221;20px&#8221; header_3_font_size_phone=&#8221;16px&#8221; header_3_font_size_last_edited=&#8221;on|desktop&#8221; text_orientation_tablet=&#8221;&#8221; text_orientation_phone=&#8221;center&#8221; text_orientation_last_edited=&#8221;on|phone&#8221; global_colors_info=&#8221;{}&#8221;]<\/p>\n<h3>Choose the right glass splashback<\/h3>\n<p>[\/et_pb_text][et_pb_text _builder_version=&#8221;4.22.2&#8243; _module_preset=&#8221;b7939496-eb89-4b94-af2d-928e60a85f71&#8243; text_font=&#8221;|300|||||||&#8221; text_font_size=&#8221;16px&#8221; text_line_height=&#8221;1.8em&#8221; text_font_size_tablet=&#8221;15px&#8221; text_font_size_phone=&#8221;14px&#8221; text_font_size_last_edited=&#8221;on|desktop&#8221; text_orientation_tablet=&#8221;&#8221; text_orientation_phone=&#8221;center&#8221; text_orientation_last_edited=&#8221;on|phone&#8221; global_colors_info=&#8221;{}&#8221;]When you want to install a glass splashback, you should consider several things such as thickness, color and shape.<\/p>\n<p>In terms of thickness, you can choose between 4 mm or 6 mm. While a 4 mm splash wall is slightly cheaper, it is also less sturdy and less resistant to shocks. If you choose 6 mm glass, you can rest assured that your splashback will last a long time.<\/p>\n<p>At the color, you can choose between clear or extra-clear glass. Contrary to what the name suggests, clear glass has a slightly greenish tint that can change the color of the paint of the splashback if it is rather light. In that case, it is better to choose a splash wall made of extra-clear glass, which will not change the color of the lacquer you have chosen.<\/p>\n<p>As for the design of your splash wall, you can choose either plain glass or tempered glass. Although slightly more expensive, tempered glass has the advantage of being more resistant to thermal and mechanical shocks. This is due to the fact that the glass is annealed at more than 600\u00b0 C and then cooled rapidly. If you opt for a splash wall made of tempered glass, then rest assured, the screen will withstand both shocks and hot pots and pans placed next to it.<\/p>\n<p>When preparing a free quote, Glaswerken Bri\u00e8re will give you all the necessary advice to choose the splashback that best suits you.[\/et_pb_text][\/et_pb_column][\/et_pb_row][\/et_pb_section][et_pb_section fb_built=&#8221;1&#8243; admin_label=&#8221;Services&#8221; _builder_version=&#8221;4.21.0&#8243; _module_preset=&#8221;default&#8221; collapsed=&#8221;on&#8221; global_colors_info=&#8221;{}&#8221;][et_pb_row _builder_version=&#8221;4.21.0&#8243; _module_preset=&#8221;default&#8221; max_width=&#8221;800px&#8221; global_colors_info=&#8221;{}&#8221;][et_pb_column type=&#8221;4_4&#8243; _builder_version=&#8221;4.21.0&#8243; _module_preset=&#8221;default&#8221; global_colors_info=&#8221;{}&#8221;][et_pb_text _builder_version=&#8221;4.22.2&#8243; _module_preset=&#8221;93715de9-8694-490e-b2fd-b4516cf6adbe&#8221; header_2_font=&#8221;|300|||||||&#8221; header_2_font_size=&#8221;52px&#8221; header_2_line_height=&#8221;1.2em&#8221; text_orientation=&#8221;center&#8221; custom_margin=&#8221;||10px||false|false&#8221; animation_style=&#8221;fade&#8221; header_2_font_size_tablet=&#8221;32px&#8221; header_2_font_size_phone=&#8221;20px&#8221; header_2_font_size_last_edited=&#8221;on|desktop&#8221; global_colors_info=&#8221;{}&#8221;]<\/p>\n<h2>Your glazier in Brussels and surroundings<\/h2>\n<p>[\/et_pb_text][et_pb_text _builder_version=&#8221;4.22.2&#8243; _module_preset=&#8221;6f0326ac-2a03-44e2-a556-59b59586bed1&#8243; text_font=&#8221;|300|||||||&#8221; text_font_size=&#8221;16px&#8221; text_line_height=&#8221;1.8em&#8221; text_orientation=&#8221;center&#8221; animation_style=&#8221;fade&#8221; animation_delay=&#8221;100ms&#8221; text_font_size_tablet=&#8221;15px&#8221; text_font_size_phone=&#8221;14px&#8221; text_font_size_last_edited=&#8221;on|desktop&#8221; global_colors_info=&#8221;{}&#8221;]Glaswerken Bri\u00e8re can make and install any type of splashback. Our installation team is always ready to carry out your project in both Brussels and the outskirts.<\/p>\n<p>If you are more of a professional or just a do-it-yourselfer at heart, you can also order your equipment and pick it up at our workshop in Ganshoren.[\/et_pb_text][\/et_pb_column][\/et_pb_row][et_pb_row _builder_version=&#8221;4.22.0&#8243; _module_preset=&#8221;default&#8221; locked=&#8221;off&#8221; global_colors_info=&#8221;{}&#8221; theme_builder_area=&#8221;post_content&#8221;][et_pb_column type=&#8221;4_4&#8243; _builder_version=&#8221;4.22.0&#8243; _module_preset=&#8221;default&#8221; global_colors_info=&#8221;{}&#8221; theme_builder_area=&#8221;post_content&#8221;][et_pb_button button_url=&#8221;@ET-DC@eyJkeW5hbWljIjp0cnVlLCJjb250ZW50IjoicG9zdF9saW5rX3VybF9wYWdlIiwic2V0dGluZ3MiOnsicG9zdF9pZCI6IjIzMDg0NiIsImVuYWJsZV9odG1sIjoib2ZmIn19@&#8221; button_text=&#8221;See our projects&#8221; button_alignment=&#8221;center&#8221; _builder_version=&#8221;4.22.2&#8243; _dynamic_attributes=&#8221;button_url&#8221; _module_preset=&#8221;c0ed0e43-8890-47ef-af82-78069d7d6f1f&#8221; custom_button=&#8221;on&#8221; button_text_size=&#8221;14px&#8221; button_text_color=&#8221;#FFFFFF&#8221; button_bg_color=&#8221;#27292f&#8221; button_border_width=&#8221;0px&#8221; button_border_radius=&#8221;0px&#8221; button_letter_spacing=&#8221;0.16em&#8221; button_font=&#8221;Inter|700||on|||||&#8221; custom_padding=&#8221;18px|24px|18px|24px|true|true&#8221; animation_style=&#8221;fade&#8221; animation_delay=&#8221;200ms&#8221; global_colors_info=&#8221;{}&#8221; theme_builder_area=&#8221;post_content&#8221;][\/et_pb_button][\/et_pb_column][\/et_pb_row][\/et_pb_section][et_pb_section fb_built=&#8221;1&#8243; admin_label=&#8221;Call to Action&#8221; _builder_version=&#8221;4.21.0&#8243; _module_preset=&#8221;default&#8221; custom_padding=&#8221;29px|||||&#8221; locked=&#8221;off&#8221; collapsed=&#8221;on&#8221; global_colors_info=&#8221;{}&#8221;][et_pb_row column_structure=&#8221;2_5,3_5&#8243; use_custom_gutter=&#8221;on&#8221; gutter_width=&#8221;2&#8243; make_equal=&#8221;on&#8221; module_class=&#8221;custom_row&#8221; _builder_version=&#8221;4.22.2&#8243; _module_preset=&#8221;default&#8221; max_width=&#8221;100%&#8221; global_colors_info=&#8221;{}&#8221;][et_pb_column type=&#8221;2_5&#8243; module_class=&#8221;second-on-mobile&#8221; _builder_version=&#8221;4.22.1&#8243; _module_preset=&#8221;default&#8221; background_color=&#8221;gcid-9b6faa03-cd53-4a66-a100-88fe19830c47&#8243; custom_padding=&#8221;50px|50px|50px|50px|true|true&#8221; custom_padding_tablet=&#8221;30px|30px|30px|30px|true|true&#8221; custom_padding_phone=&#8221;20px|20px|20px|20px|true|true&#8221; custom_padding_last_edited=&#8221;on|desktop&#8221; animation_style=&#8221;fade&#8221; border_radii=&#8221;on|10px|10px|10px|10px&#8221; global_colors_info=&#8221;{%22gcid-9b6faa03-cd53-4a66-a100-88fe19830c47%22:%91%22background_color%22%93}&#8221;][et_pb_text _builder_version=&#8221;4.22.2&#8243; _module_preset=&#8221;2a71d23c-7c8e-4b61-915d-9a199efd63c9&#8243; header_3_font=&#8221;|300|||||||&#8221; header_3_text_color=&#8221;#FFFFFF&#8221; custom_margin=&#8221;||10px||false|false&#8221; header_3_font_size_phone=&#8221;28px&#8221; text_orientation_tablet=&#8221;&#8221; text_orientation_phone=&#8221;center&#8221; text_orientation_last_edited=&#8221;on|phone&#8221; global_colors_info=&#8221;{}&#8221;]<\/p>\n<h3>Free quotation<\/h3>\n<p>[\/et_pb_text][et_pb_text _builder_version=&#8221;4.22.1&#8243; _module_preset=&#8221;97d4d59c-e0f1-4d2f-87f1-e043a4967fae&#8221; text_text_color=&#8221;#FFFFFF&#8221; text_orientation_tablet=&#8221;&#8221; text_orientation_phone=&#8221;center&#8221; text_orientation_last_edited=&#8221;on|phone&#8221; global_colors_info=&#8221;{}&#8221;]<\/p>\n<p>Contact us for a free, no-obligation quote.<\/p>\n<p>[\/et_pb_text][et_pb_button button_url=&#8221;@ET-DC@eyJkeW5hbWljIjp0cnVlLCJjb250ZW50IjoicG9zdF9saW5rX3VybF9wYWdlIiwic2V0dGluZ3MiOnsicG9zdF9pZCI6IjIzMDY5NSIsImVuYWJsZV9odG1sIjoib2ZmIn19@&#8221; button_text=&#8221;Contact us&#8221; button_alignment_tablet=&#8221;&#8221; button_alignment_phone=&#8221;center&#8221; button_alignment_last_edited=&#8221;on|phone&#8221; _builder_version=&#8221;4.22.2&#8243; _dynamic_attributes=&#8221;button_url&#8221; _module_preset=&#8221;b8ca276b-3a5b-466f-af3a-0f2c918c5ce5&#8243; custom_margin=&#8221;50px||||false|false&#8221; global_colors_info=&#8221;{}&#8221;][\/et_pb_button][\/et_pb_column][et_pb_column type=&#8221;3_5&#8243; module_class=&#8221;first-on-mobile&#8221; _builder_version=&#8221;4.22.2&#8243; _module_preset=&#8221;default&#8221; background_image=&#8221;https:\/\/www.jpbriere.be\/wp-content\/uploads\/2023\/10\/Credences-1-scaled.jpg&#8221; animation_style=&#8221;slide&#8221; animation_direction=&#8221;right&#8221; animation_intensity_slide=&#8221;1%&#8221; border_radii=&#8221;on|10px|10px|10px|10px&#8221; global_colors_info=&#8221;{}&#8221;][et_pb_divider show_divider=&#8221;off&#8221; _builder_version=&#8221;4.21.0&#8243; _module_preset=&#8221;default&#8221; height_tablet=&#8221;40vw&#8221; height_phone=&#8221;40vw&#8221; height_last_edited=&#8221;on|desktop&#8221; locked=&#8221;off&#8221; global_colors_info=&#8221;{}&#8221;][\/et_pb_divider][\/et_pb_column][\/et_pb_row][\/et_pb_section]<\/p>\n","protected":false},"excerpt":{"rendered":"<p>SplashbacksProducts &amp; servicesSplash walls: practical beauty for your kitchenA glass splash wall for the kitchen is both an aesthetic and a practical solution. We have a solution for you regardless of the look or composition of your kitchen.The benefits of a glass splashbackInstalling a glass splash wall offers you several advantages over other wall coverings [&hellip;]<\/p>\n","protected":false},"author":1,"featured_media":231724,"parent":0,"menu_order":0,"comment_status":"closed","ping_status":"closed","template":"","meta":{"_et_pb_use_builder":"on","_et_pb_old_content":"","_et_gb_content_width":"","footnotes":""},"class_list":["post-231382","page","type-page","status-publish","has-post-thumbnail","hentry"],"yoast_head":"<!-- This site is optimized with the Yoast SEO plugin v27.3 - https:\/\/yoast.com\/product\/yoast-seo-wordpress\/ -->\n<title>Splashbacks - JP Bri\u00e8re - Vitrier \u00e0 Bruxelles et dans la p\u00e9riph\u00e9rie<\/title>\n<meta name=\"robots\" content=\"index, follow, max-snippet:-1, max-image-preview:large, max-video-preview:-1\" \/>\n<link rel=\"canonical\" href=\"https:\/\/www.jpbriere.be\/en\/splashbacks\/\" \/>\n<meta property=\"og:locale\" content=\"en_US\" \/>\n<meta property=\"og:type\" content=\"article\" \/>\n<meta property=\"og:title\" content=\"Splashbacks - JP Bri\u00e8re - Vitrier \u00e0 Bruxelles et dans la p\u00e9riph\u00e9rie\" \/>\n<meta property=\"og:description\" content=\"SplashbacksProducts &amp; servicesSplash walls: practical beauty for your kitchenA glass splash wall for the kitchen is both an aesthetic and a practical solution. We have a solution for you regardless of the look or composition of your kitchen.The benefits of a glass splashbackInstalling a glass splash wall offers you several advantages over other wall coverings [&hellip;]\" \/>\n<meta property=\"og:url\" content=\"https:\/\/www.jpbriere.be\/en\/splashbacks\/\" \/>\n<meta property=\"og:site_name\" content=\"JP Bri\u00e8re - Vitrier \u00e0 Bruxelles et dans la p\u00e9riph\u00e9rie\" \/>\n<meta property=\"article:modified_time\" content=\"2024-02-28T07:34:04+00:00\" \/>\n<meta property=\"og:image\" content=\"https:\/\/www.jpbriere.be\/wp-content\/uploads\/2024\/03\/IMG_3296-1-scaled.jpg\" \/>\n\t<meta property=\"og:image:width\" content=\"2560\" \/>\n\t<meta property=\"og:image:height\" content=\"1920\" \/>\n\t<meta property=\"og:image:type\" content=\"image\/jpeg\" \/>\n<meta name=\"twitter:card\" content=\"summary_large_image\" \/>\n<meta name=\"twitter:label1\" content=\"Est. reading time\" \/>\n\t<meta name=\"twitter:data1\" content=\"11 minutes\" \/>\n<!-- \/ Yoast SEO plugin. -->","yoast_head_json":{"title":"Splashbacks - JP Bri\u00e8re - Vitrier \u00e0 Bruxelles et dans la p\u00e9riph\u00e9rie","robots":{"index":"index","follow":"follow","max-snippet":"max-snippet:-1","max-image-preview":"max-image-preview:large","max-video-preview":"max-video-preview:-1"},"canonical":"https:\/\/www.jpbriere.be\/en\/splashbacks\/","og_locale":"en_US","og_type":"article","og_title":"Splashbacks - JP Bri\u00e8re - Vitrier \u00e0 Bruxelles et dans la p\u00e9riph\u00e9rie","og_description":"SplashbacksProducts &amp; servicesSplash walls: practical beauty for your kitchenA glass splash wall for the kitchen is both an aesthetic and a practical solution. We have a solution for you regardless of the look or composition of your kitchen.The benefits of a glass splashbackInstalling a glass splash wall offers you several advantages over other wall coverings [&hellip;]","og_url":"https:\/\/www.jpbriere.be\/en\/splashbacks\/","og_site_name":"JP Bri\u00e8re - Vitrier \u00e0 Bruxelles et dans la p\u00e9riph\u00e9rie","article_modified_time":"2024-02-28T07:34:04+00:00","og_image":[{"width":2560,"height":1920,"url":"https:\/\/www.jpbriere.be\/wp-content\/uploads\/2024\/03\/IMG_3296-1-scaled.jpg","type":"image\/jpeg"}],"twitter_card":"summary_large_image","twitter_misc":{"Est. reading time":"11 minutes"},"schema":{"@context":"https:\/\/schema.org","@graph":[{"@type":"WebPage","@id":"https:\/\/www.jpbriere.be\/en\/splashbacks\/","url":"https:\/\/www.jpbriere.be\/en\/splashbacks\/","name":"Splashbacks - JP Bri\u00e8re - Vitrier \u00e0 Bruxelles et dans la p\u00e9riph\u00e9rie","isPartOf":{"@id":"https:\/\/www.jpbriere.be\/nl\/#website"},"primaryImageOfPage":{"@id":"https:\/\/www.jpbriere.be\/en\/splashbacks\/#primaryimage"},"image":{"@id":"https:\/\/www.jpbriere.be\/en\/splashbacks\/#primaryimage"},"thumbnailUrl":"https:\/\/www.jpbriere.be\/wp-content\/uploads\/2024\/03\/IMG_3296-1-scaled.jpg","datePublished":"2023-10-24T14:52:14+00:00","dateModified":"2024-02-28T07:34:04+00:00","breadcrumb":{"@id":"https:\/\/www.jpbriere.be\/en\/splashbacks\/#breadcrumb"},"inLanguage":"en-US","potentialAction":[{"@type":"ReadAction","target":["https:\/\/www.jpbriere.be\/en\/splashbacks\/"]}]},{"@type":"ImageObject","inLanguage":"en-US","@id":"https:\/\/www.jpbriere.be\/en\/splashbacks\/#primaryimage","url":"https:\/\/www.jpbriere.be\/wp-content\/uploads\/2024\/03\/IMG_3296-1-scaled.jpg","contentUrl":"https:\/\/www.jpbriere.be\/wp-content\/uploads\/2024\/03\/IMG_3296-1-scaled.jpg","width":2560,"height":1920,"caption":"Pose de cr\u00e9dence \u00e0"},{"@type":"BreadcrumbList","@id":"https:\/\/www.jpbriere.be\/en\/splashbacks\/#breadcrumb","itemListElement":[{"@type":"ListItem","position":1,"name":"Accueil","item":"https:\/\/www.jpbriere.be\/en\/"},{"@type":"ListItem","position":2,"name":"Splashbacks"}]},{"@type":"WebSite","@id":"https:\/\/www.jpbriere.be\/nl\/#website","url":"https:\/\/www.jpbriere.be\/nl\/","name":"JP Bri\u00e8re - Vitrier \u00e0 Bruxelles et dans la p\u00e9riph\u00e9rie","description":"","potentialAction":[{"@type":"SearchAction","target":{"@type":"EntryPoint","urlTemplate":"https:\/\/www.jpbriere.be\/nl\/?s={search_term_string}"},"query-input":{"@type":"PropertyValueSpecification","valueRequired":true,"valueName":"search_term_string"}}],"inLanguage":"en-US"}]}},"_links":{"self":[{"href":"https:\/\/www.jpbriere.be\/en\/wp-json\/wp\/v2\/pages\/231382","targetHints":{"allow":["GET"]}}],"collection":[{"href":"https:\/\/www.jpbriere.be\/en\/wp-json\/wp\/v2\/pages"}],"about":[{"href":"https:\/\/www.jpbriere.be\/en\/wp-json\/wp\/v2\/types\/page"}],"author":[{"embeddable":true,"href":"https:\/\/www.jpbriere.be\/en\/wp-json\/wp\/v2\/users\/1"}],"replies":[{"embeddable":true,"href":"https:\/\/www.jpbriere.be\/en\/wp-json\/wp\/v2\/comments?post=231382"}],"version-history":[{"count":2,"href":"https:\/\/www.jpbriere.be\/en\/wp-json\/wp\/v2\/pages\/231382\/revisions"}],"predecessor-version":[{"id":231384,"href":"https:\/\/www.jpbriere.be\/en\/wp-json\/wp\/v2\/pages\/231382\/revisions\/231384"}],"wp:featuredmedia":[{"embeddable":true,"href":"https:\/\/www.jpbriere.be\/en\/wp-json\/wp\/v2\/media\/231724"}],"wp:attachment":[{"href":"https:\/\/www.jpbriere.be\/en\/wp-json\/wp\/v2\/media?parent=231382"}],"curies":[{"name":"wp","href":"https:\/\/api.w.org\/{rel}","templated":true}]}}