{"id":231069,"date":"2023-10-24T14:37:48","date_gmt":"2023-10-24T14:37:48","guid":{"rendered":"https:\/\/briere.devsdms.be\/douchewanden\/"},"modified":"2023-12-06T09:23:59","modified_gmt":"2023-12-06T09:23:59","slug":"douchewanden","status":"publish","type":"page","link":"https:\/\/www.jpbriere.be\/nl\/douchewanden\/","title":{"rendered":"Douchewanden"},"content":{"rendered":"<p>[et_pb_section fb_built=&#8221;1&#8243; admin_label=&#8221;Header&#8221; _builder_version=&#8221;4.22.2&#8243; _module_preset=&#8221;default&#8221; background_color=&#8221;gcid-5aa9ce6a-8a5e-4347-973a-c6b91f603234&#8243; use_background_color_gradient=&#8221;on&#8221; background_color_gradient_stops=&#8221;rgba(0,0,0,0.7) 0%|rgba(0,0,0,0.7) 100%&#8221; background_color_gradient_overlays_image=&#8221;on&#8221; background_image=&#8221;https:\/\/www.jpbriere.be\/wp-content\/uploads\/2023\/10\/Douche-3-scaled.jpg&#8221; background_position=&#8221;bottom_center&#8221; background_vertical_offset=&#8221;71%&#8221; width=&#8221;94%&#8221; width_tablet=&#8221;80%&#8221; width_phone=&#8221;80%&#8221; width_last_edited=&#8221;on|desktop&#8221; max_width=&#8221;2000px&#8221; module_alignment=&#8221;center&#8221; custom_margin=&#8221;3vw||20px||false|false&#8221; custom_margin_tablet=&#8221;||0px||false|false&#8221; custom_margin_phone=&#8221;||0px||false|false&#8221; custom_margin_last_edited=&#8221;on|tablet&#8221; custom_padding=&#8221;6vw||6vw||true|false&#8221; animation_style=&#8221;fade&#8221; hover_enabled=&#8221;0&#8243; border_radii=&#8221;on|10px|10px|10px|10px&#8221; locked=&#8221;off&#8221; collapsed=&#8221;on&#8221; global_colors_info=&#8221;{%22gcid-5aa9ce6a-8a5e-4347-973a-c6b91f603234%22:%91%22background_color%22,%22background_color%22%93}&#8221; theme_builder_area=&#8221;post_content&#8221; title_text=&#8221;Douche 3&#8243; sticky_enabled=&#8221;0&#8243;][et_pb_row _builder_version=&#8221;4.21.0&#8243; _module_preset=&#8221;default&#8221; global_colors_info=&#8221;{}&#8221; theme_builder_area=&#8221;post_content&#8221;][et_pb_column type=&#8221;4_4&#8243; _builder_version=&#8221;4.21.0&#8243; _module_preset=&#8221;default&#8221; global_colors_info=&#8221;{}&#8221; theme_builder_area=&#8221;post_content&#8221;][et_pb_text _builder_version=&#8221;4.22.2&#8243; _module_preset=&#8221;2a815773-d5bb-47ff-a6b0-d2e4b9a60fc3&#8243; header_font=&#8221;||||||||&#8221; header_text_color=&#8221;#FFFFFF&#8221; header_font_size=&#8221;72px&#8221; header_line_height=&#8221;1.2em&#8221; text_orientation=&#8221;center&#8221; animation_style=&#8221;fade&#8221; animation_delay=&#8221;100ms&#8221; hover_enabled=&#8221;0&#8243; header_font_size_tablet=&#8221;40px&#8221; header_font_size_phone=&#8221;24px&#8221; header_font_size_last_edited=&#8221;on|desktop&#8221; locked=&#8221;off&#8221; global_colors_info=&#8221;{}&#8221; theme_builder_area=&#8221;post_content&#8221; sticky_enabled=&#8221;0&#8243;]<\/p>\n<h1>Douchewanden<\/h1>\n<p>[\/et_pb_text][\/et_pb_column][\/et_pb_row][\/et_pb_section][et_pb_section fb_built=&#8221;1&#8243; admin_label=&#8221;Services&#8221; _builder_version=&#8221;4.21.0&#8243; _module_preset=&#8221;default&#8221; collapsed=&#8221;on&#8221; global_colors_info=&#8221;{}&#8221; theme_builder_area=&#8221;post_content&#8221;][et_pb_row _builder_version=&#8221;4.22.1&#8243; _module_preset=&#8221;default&#8221; max_width=&#8221;800px&#8221; global_colors_info=&#8221;{}&#8221; theme_builder_area=&#8221;post_content&#8221;][et_pb_column type=&#8221;4_4&#8243; _builder_version=&#8221;4.21.0&#8243; _module_preset=&#8221;default&#8221; global_colors_info=&#8221;{}&#8221; theme_builder_area=&#8221;post_content&#8221;][et_pb_text _builder_version=&#8221;4.22.1&#8243; _module_preset=&#8221;3d4a3a08-78d8-45b3-8d7f-340247981476&#8243; header_4_font=&#8221;Inter|700||on|||||&#8221; header_4_font_size=&#8221;14px&#8221; header_4_letter_spacing=&#8221;0.3em&#8221; header_4_line_height=&#8221;1.4em&#8221; text_orientation=&#8221;center&#8221; custom_margin=&#8221;||20px||false|false&#8221; animation_style=&#8221;fade&#8221; animation_delay=&#8221;200ms&#8221; global_colors_info=&#8221;{}&#8221; theme_builder_area=&#8221;post_content&#8221;]<\/p>\n<h4>Producten en diensten<\/h4>\n<p>[\/et_pb_text][et_pb_text _builder_version=&#8221;4.22.2&#8243; _module_preset=&#8221;93715de9-8694-490e-b2fd-b4516cf6adbe&#8221; header_2_font=&#8221;|300|||||||&#8221; header_2_font_size=&#8221;52px&#8221; header_2_line_height=&#8221;1.2em&#8221; text_orientation=&#8221;center&#8221; custom_margin=&#8221;||10px||false|false&#8221; animation_style=&#8221;fade&#8221; animation_delay=&#8221;200ms&#8221; hover_enabled=&#8221;0&#8243; header_2_font_size_tablet=&#8221;32px&#8221; header_2_font_size_phone=&#8221;20px&#8221; header_2_font_size_last_edited=&#8221;on|desktop&#8221; global_colors_info=&#8221;{}&#8221; theme_builder_area=&#8221;post_content&#8221; sticky_enabled=&#8221;0&#8243;]<\/p>\n<h2>Douchewanden: luxe binnen handbereik <\/h2>\n<p>[\/et_pb_text][et_pb_text _builder_version=&#8221;4.22.2&#8243; _module_preset=&#8221;6f0326ac-2a03-44e2-a556-59b59586bed1&#8243; text_font=&#8221;|300|||||||&#8221; text_font_size=&#8221;16px&#8221; text_line_height=&#8221;1.8em&#8221; text_orientation=&#8221;center&#8221; animation_style=&#8221;fade&#8221; animation_delay=&#8221;200ms&#8221; hover_enabled=&#8221;0&#8243; text_font_size_tablet=&#8221;15px&#8221; text_font_size_phone=&#8221;14px&#8221; text_font_size_last_edited=&#8221;on|desktop&#8221; global_colors_info=&#8221;{}&#8221; theme_builder_area=&#8221;post_content&#8221; sticky_enabled=&#8221;0&#8243;]Een glazen douchewand is niet alleen nuttig, het geeft ook en elegante uitstraling aan uw badkamer. Wat de grootte of configuratie van uw badkamer ook is, Glaswerken Bri\u00e8re levert en plaatst op maat gemaakte douchewanden en -deuren.[\/et_pb_text][et_pb_text _builder_version=&#8221;4.22.2&#8243; _module_preset=&#8221;93715de9-8694-490e-b2fd-b4516cf6adbe&#8221; header_2_font=&#8221;Prata||||||||&#8221; header_2_font_size=&#8221;52px&#8221; header_2_line_height=&#8221;1.2em&#8221; header_3_font=&#8221;|300|||||||&#8221; text_orientation=&#8221;center&#8221; custom_margin=&#8221;||10px||false|false&#8221; custom_padding=&#8221;20px||||false|false&#8221; animation_style=&#8221;fade&#8221; animation_delay=&#8221;100ms&#8221; hover_enabled=&#8221;0&#8243; header_2_font_size_tablet=&#8221;32px&#8221; header_2_font_size_phone=&#8221;20px&#8221; header_2_font_size_last_edited=&#8221;on|desktop&#8221; global_colors_info=&#8221;{}&#8221; theme_builder_area=&#8221;post_content&#8221; sticky_enabled=&#8221;0&#8243;]<\/p>\n<h3>Een op maat gemaakte douchewand<\/h3>\n<p>[\/et_pb_text][et_pb_text _builder_version=&#8221;4.22.2&#8243; _module_preset=&#8221;6f0326ac-2a03-44e2-a556-59b59586bed1&#8243; text_font=&#8221;|300|||||||&#8221; text_font_size=&#8221;16px&#8221; text_line_height=&#8221;1.8em&#8221; text_orientation=&#8221;center&#8221; animation_style=&#8221;fade&#8221; animation_delay=&#8221;100ms&#8221; hover_enabled=&#8221;0&#8243; text_font_size_tablet=&#8221;15px&#8221; text_font_size_phone=&#8221;14px&#8221; text_font_size_last_edited=&#8221;on|desktop&#8221; global_colors_info=&#8221;{}&#8221; theme_builder_area=&#8221;post_content&#8221; sticky_enabled=&#8221;0&#8243;]Elke badkamer is anders. Daarom zijn op maat gemaakte douchewanden zeer praktisch. Er zijn echter een paar basisregels die je in acht moet nemen. Ten eerste moet het glas aan alle kanten worden vastgehouden om verdraaiing te voorkomen. Daarom gebruiken we een profiel, een klem of een stabilisatiestang. Vervolgens moet je ervoor zorgen dat de maat die je kiest in je badkamer past. Als het glas niet door de deur past of niet omhoog kan, is het verloren. Verlies tot slot zowel de praktische als de esthetische aspecten niet uit het oog.[\/et_pb_text][\/et_pb_column][\/et_pb_row][\/et_pb_section][et_pb_section fb_built=&#8221;1&#8243; custom_padding_last_edited=&#8221;on|tablet&#8221; admin_label=&#8221;Call to Action&#8221; _builder_version=&#8221;4.21.0&#8243; _module_preset=&#8221;default&#8221; custom_padding=&#8221;0px||20px||false|false&#8221; custom_padding_tablet=&#8221;0px||0px||false|false&#8221; custom_padding_phone=&#8221;0px||0px||false|false&#8221; locked=&#8221;off&#8221; collapsed=&#8221;on&#8221; global_colors_info=&#8221;{}&#8221; theme_builder_area=&#8221;post_content&#8221;][et_pb_row column_structure=&#8221;2_5,3_5&#8243; use_custom_gutter=&#8221;on&#8221; gutter_width=&#8221;2&#8243; make_equal=&#8221;on&#8221; custom_padding_last_edited=&#8221;on|tablet&#8221; _builder_version=&#8221;4.22.2&#8243; _module_preset=&#8221;default&#8221; width=&#8221;94%&#8221; width_tablet=&#8221;80%&#8221; width_phone=&#8221;80%&#8221; width_last_edited=&#8221;on|tablet&#8221; max_width=&#8221;2000px&#8221; custom_padding=&#8221;||20px||false|false&#8221; custom_padding_tablet=&#8221;||||false|false&#8221; custom_padding_phone=&#8221;||||false|false&#8221; hover_enabled=&#8221;0&#8243; global_colors_info=&#8221;{}&#8221; theme_builder_area=&#8221;post_content&#8221; sticky_enabled=&#8221;0&#8243;][et_pb_column type=&#8221;2_5&#8243; _builder_version=&#8221;4.22.2&#8243; _module_preset=&#8221;default&#8221; background_image=&#8221;https:\/\/www.jpbriere.be\/wp-content\/uploads\/2023\/10\/Douche-4.jpg&#8221; animation_style=&#8221;slide&#8221; animation_direction=&#8221;left&#8221; animation_intensity_slide=&#8221;1%&#8221; hover_enabled=&#8221;0&#8243; border_radii=&#8221;on|10px|10px|10px|10px&#8221; global_colors_info=&#8221;{}&#8221; theme_builder_area=&#8221;post_content&#8221; title_text=&#8221;Douche 4&#8243; sticky_enabled=&#8221;0&#8243;][et_pb_divider show_divider=&#8221;off&#8221; _builder_version=&#8221;4.21.0&#8243; _module_preset=&#8221;default&#8221; height_tablet=&#8221;40vw&#8221; height_phone=&#8221;40vw&#8221; height_last_edited=&#8221;on|desktop&#8221; locked=&#8221;off&#8221; global_colors_info=&#8221;{}&#8221; theme_builder_area=&#8221;post_content&#8221;][\/et_pb_divider][\/et_pb_column][et_pb_column type=&#8221;3_5&#8243; _builder_version=&#8221;4.22.1&#8243; _module_preset=&#8221;default&#8221; background_color=&#8221;gcid-70184d90-89dc-4d37-8a72-67bb78c7369e&#8221; custom_padding=&#8221;5vw|50px|5vw|50px|true|true&#8221; custom_padding_tablet=&#8221;|30px||30px|true|true&#8221; custom_padding_phone=&#8221;|20px||20px|true|true&#8221; custom_padding_last_edited=&#8221;on|phone&#8221; animation_style=&#8221;fade&#8221; border_radii=&#8221;on|10px|10px|10px|10px&#8221; global_colors_info=&#8221;{%22gcid-70184d90-89dc-4d37-8a72-67bb78c7369e%22:%91%22background_color%22%93}&#8221; theme_builder_area=&#8221;post_content&#8221;][et_pb_text _builder_version=&#8221;4.22.2&#8243; _module_preset=&#8221;85e1bc9e-2d37-4c86-b860-c70d815c9cbb&#8221; header_3_font=&#8221;|300|||||||&#8221; header_3_font_size=&#8221;36px&#8221; header_3_line_height=&#8221;1.4em&#8221; custom_margin=&#8221;||10px||false|false&#8221; hover_enabled=&#8221;0&#8243; header_3_font_size_tablet=&#8221;20px&#8221; header_3_font_size_phone=&#8221;16px&#8221; header_3_font_size_last_edited=&#8221;on|desktop&#8221; text_orientation_tablet=&#8221;&#8221; text_orientation_phone=&#8221;center&#8221; text_orientation_last_edited=&#8221;on|phone&#8221; global_colors_info=&#8221;{}&#8221; theme_builder_area=&#8221;post_content&#8221; sticky_enabled=&#8221;0&#8243;]<\/p>\n<h3>Ervaring en advies<\/h3>\n<p>[\/et_pb_text][et_pb_text _builder_version=&#8221;4.22.2&#8243; _module_preset=&#8221;b7939496-eb89-4b94-af2d-928e60a85f71&#8243; text_font=&#8221;|300|||||||&#8221; text_font_size=&#8221;16px&#8221; text_line_height=&#8221;1.8em&#8221; hover_enabled=&#8221;0&#8243; text_font_size_tablet=&#8221;15px&#8221; text_font_size_phone=&#8221;14px&#8221; text_font_size_last_edited=&#8221;on|desktop&#8221; text_orientation_tablet=&#8221;&#8221; text_orientation_phone=&#8221;center&#8221; text_orientation_last_edited=&#8221;on|phone&#8221; global_colors_info=&#8221;{}&#8221; theme_builder_area=&#8221;post_content&#8221; sticky_enabled=&#8221;0&#8243;]<\/p>\n<p>Bij Glaswerken Bri\u00e8re hebben we ruime ervaring met het plaatsen van doucheschermen op maat. Wanneer we langskomen voor een offerte helpen we u om de beste configuratie te kiezen. Hiervoor kunnen we douchewanden en -deuren maken met speciale uitsparingen en snitten.<\/p>\n<p>Heeft u bijzondere esthetische wensen, dan kunnen we iets specialere producten aanbieden. Hier zijn enkele van de mogelijkheden:<\/p>\n<p>&nbsp;<\/p>\n<ul>\n<li>gezandstraald glazen douchescherm<\/li>\n<li>getint glazen douchescherm<\/li>\n<li>gestructureerd glazen douchescherm<\/li>\n<\/ul>\n<p>[\/et_pb_text][\/et_pb_column][\/et_pb_row][\/et_pb_section][et_pb_section fb_built=&#8221;1&#8243; admin_label=&#8221;Services&#8221; _builder_version=&#8221;4.21.0&#8243; _module_preset=&#8221;default&#8221; collapsed=&#8221;on&#8221; global_colors_info=&#8221;{}&#8221; theme_builder_area=&#8221;post_content&#8221;][et_pb_row _builder_version=&#8221;4.21.0&#8243; _module_preset=&#8221;default&#8221; max_width=&#8221;800px&#8221; global_colors_info=&#8221;{}&#8221; theme_builder_area=&#8221;post_content&#8221;][et_pb_column type=&#8221;4_4&#8243; _builder_version=&#8221;4.21.0&#8243; _module_preset=&#8221;default&#8221; global_colors_info=&#8221;{}&#8221; theme_builder_area=&#8221;post_content&#8221;][et_pb_text _builder_version=&#8221;4.22.2&#8243; _module_preset=&#8221;93715de9-8694-490e-b2fd-b4516cf6adbe&#8221; header_2_font=&#8221;|300|||||||&#8221; header_2_font_size=&#8221;52px&#8221; header_2_line_height=&#8221;1.2em&#8221; text_orientation=&#8221;center&#8221; custom_margin=&#8221;||10px||false|false&#8221; animation_style=&#8221;fade&#8221; hover_enabled=&#8221;0&#8243; header_2_font_size_tablet=&#8221;32px&#8221; header_2_font_size_phone=&#8221;20px&#8221; header_2_font_size_last_edited=&#8221;on|desktop&#8221; global_colors_info=&#8221;{}&#8221; theme_builder_area=&#8221;post_content&#8221; sticky_enabled=&#8221;0&#8243;]<\/p>\n<h2>Uw glazenmaker in Brussel en omstreken<\/h2>\n<p>[\/et_pb_text][et_pb_text _builder_version=&#8221;4.22.2&#8243; _module_preset=&#8221;6f0326ac-2a03-44e2-a556-59b59586bed1&#8243; text_font=&#8221;|300|||||||&#8221; text_font_size=&#8221;16px&#8221; text_line_height=&#8221;1.8em&#8221; text_orientation=&#8221;center&#8221; animation_style=&#8221;fade&#8221; animation_delay=&#8221;100ms&#8221; hover_enabled=&#8221;0&#8243; text_font_size_tablet=&#8221;15px&#8221; text_font_size_phone=&#8221;14px&#8221; text_font_size_last_edited=&#8221;on|desktop&#8221; global_colors_info=&#8221;{}&#8221; theme_builder_area=&#8221;post_content&#8221; sticky_enabled=&#8221;0&#8243;]<\/p>\n<p>Glaswerken Bri\u00e8re kan elk type glazen douchewand maken en plaatsen. Ons installatieteam staat steeds klaar om uw project uit te voeren in zowel Brussel als in de rand.<\/p>\n<p>Bent u eerder een professional of gewoon een doe-het-zelver in hart en nieren, dan kunt u uw materiaal ook bestellen en ophalen in onze werkplaats in Ganshoren.<\/p>\n<p>[\/et_pb_text][\/et_pb_column][\/et_pb_row][\/et_pb_section][et_pb_section fb_built=&#8221;1&#8243; admin_label=&#8221;Call to Action&#8221; _builder_version=&#8221;4.21.0&#8243; _module_preset=&#8221;default&#8221; custom_padding=&#8221;29px|||||&#8221; locked=&#8221;off&#8221; collapsed=&#8221;on&#8221; global_colors_info=&#8221;{}&#8221; theme_builder_area=&#8221;post_content&#8221;][et_pb_row column_structure=&#8221;2_5,3_5&#8243; use_custom_gutter=&#8221;on&#8221; gutter_width=&#8221;2&#8243; make_equal=&#8221;on&#8221; module_class=&#8221;custom_row&#8221; _builder_version=&#8221;4.22.2&#8243; _module_preset=&#8221;default&#8221; max_width=&#8221;100%&#8221; hover_enabled=&#8221;0&#8243; global_colors_info=&#8221;{}&#8221; theme_builder_area=&#8221;post_content&#8221; sticky_enabled=&#8221;0&#8243;][et_pb_column type=&#8221;2_5&#8243; module_class=&#8221;second-on-mobile&#8221; _builder_version=&#8221;4.22.1&#8243; _module_preset=&#8221;default&#8221; background_color=&#8221;gcid-9b6faa03-cd53-4a66-a100-88fe19830c47&#8243; custom_padding=&#8221;50px|50px|50px|50px|true|true&#8221; custom_padding_tablet=&#8221;30px|30px|30px|30px|true|true&#8221; custom_padding_phone=&#8221;20px|20px|20px|20px|true|true&#8221; custom_padding_last_edited=&#8221;on|desktop&#8221; animation_style=&#8221;fade&#8221; border_radii=&#8221;on|10px|10px|10px|10px&#8221; global_colors_info=&#8221;{%22gcid-9b6faa03-cd53-4a66-a100-88fe19830c47%22:%91%22background_color%22%93}&#8221; theme_builder_area=&#8221;post_content&#8221;][et_pb_text _builder_version=&#8221;4.22.2&#8243; _module_preset=&#8221;2a71d23c-7c8e-4b61-915d-9a199efd63c9&#8243; header_3_font=&#8221;|300|||||||&#8221; header_3_text_color=&#8221;#FFFFFF&#8221; custom_margin=&#8221;||10px||false|false&#8221; header_3_font_size_phone=&#8221;28px&#8221; text_orientation_tablet=&#8221;&#8221; text_orientation_phone=&#8221;center&#8221; text_orientation_last_edited=&#8221;on|phone&#8221; global_colors_info=&#8221;{}&#8221; theme_builder_area=&#8221;post_content&#8221;]<\/p>\n<h3>Gratis offerte<\/h3>\n<p>[\/et_pb_text][et_pb_text _builder_version=&#8221;4.22.1&#8243; _module_preset=&#8221;97d4d59c-e0f1-4d2f-87f1-e043a4967fae&#8221; text_text_color=&#8221;#FFFFFF&#8221; text_orientation_tablet=&#8221;&#8221; text_orientation_phone=&#8221;center&#8221; text_orientation_last_edited=&#8221;on|phone&#8221; global_colors_info=&#8221;{}&#8221; theme_builder_area=&#8221;post_content&#8221;]<\/p>\n<p>Bel ons of stuur ons een bericht voor een vrijblijvende en gratis offerte.<\/p>\n<p>[\/et_pb_text][et_pb_button button_url=&#8221;@ET-DC@eyJkeW5hbWljIjp0cnVlLCJjb250ZW50IjoicG9zdF9saW5rX3VybF9wYWdlIiwic2V0dGluZ3MiOnsicG9zdF9pZCI6IjIzMDY5NSJ9fQ==@&#8221; button_text=&#8221;Contacteer-ons&#8221; button_alignment_tablet=&#8221;&#8221; button_alignment_phone=&#8221;center&#8221; button_alignment_last_edited=&#8221;on|phone&#8221; _builder_version=&#8221;4.22.2&#8243; _dynamic_attributes=&#8221;button_url&#8221; _module_preset=&#8221;b8ca276b-3a5b-466f-af3a-0f2c918c5ce5&#8243; custom_margin=&#8221;50px||||false|false&#8221; global_colors_info=&#8221;{}&#8221; theme_builder_area=&#8221;post_content&#8221;][\/et_pb_button][\/et_pb_column][et_pb_column type=&#8221;3_5&#8243; module_class=&#8221;first-on-mobile&#8221; _builder_version=&#8221;4.22.2&#8243; _module_preset=&#8221;default&#8221; background_image=&#8221;https:\/\/www.jpbriere.be\/wp-content\/uploads\/2023\/10\/Douche-2-scaled.jpg&#8221; animation_style=&#8221;slide&#8221; animation_direction=&#8221;right&#8221; animation_intensity_slide=&#8221;1%&#8221; hover_enabled=&#8221;0&#8243; border_radii=&#8221;on|10px|10px|10px|10px&#8221; global_colors_info=&#8221;{}&#8221; theme_builder_area=&#8221;post_content&#8221; title_text=&#8221;Douche 2&#8243; sticky_enabled=&#8221;0&#8243;][et_pb_divider show_divider=&#8221;off&#8221; _builder_version=&#8221;4.21.0&#8243; _module_preset=&#8221;default&#8221; height_tablet=&#8221;40vw&#8221; height_phone=&#8221;40vw&#8221; height_last_edited=&#8221;on|desktop&#8221; locked=&#8221;off&#8221; global_colors_info=&#8221;{}&#8221; theme_builder_area=&#8221;post_content&#8221;][\/et_pb_divider][\/et_pb_column][\/et_pb_row][\/et_pb_section]<\/p>\n","protected":false},"excerpt":{"rendered":"<p>DouchewandenProducten en dienstenDouchewanden: luxe binnen handbereik Een glazen douchewand is niet alleen nuttig, het geeft ook en elegante uitstraling aan uw badkamer. Wat de grootte of configuratie van uw badkamer ook is, Glaswerken Bri\u00e8re levert en plaatst op maat gemaakte douchewanden en -deuren.Een op maat gemaakte douchewandElke badkamer is anders. Daarom zijn op maat gemaakte [&hellip;]<\/p>\n","protected":false},"author":1,"featured_media":0,"parent":0,"menu_order":0,"comment_status":"closed","ping_status":"closed","template":"","meta":{"_et_pb_use_builder":"on","_et_pb_old_content":"","_et_gb_content_width":"","footnotes":""},"class_list":["post-231069","page","type-page","status-publish","hentry"],"yoast_head":"<!-- This site is optimized with the Yoast SEO plugin v27.3 - https:\/\/yoast.com\/product\/yoast-seo-wordpress\/ -->\n<title>Douchewanden - JP Bri\u00e8re - Vitrier \u00e0 Bruxelles et dans la p\u00e9riph\u00e9rie<\/title>\n<meta name=\"robots\" content=\"index, follow, max-snippet:-1, max-image-preview:large, max-video-preview:-1\" \/>\n<link rel=\"canonical\" href=\"https:\/\/www.jpbriere.be\/nl\/douchewanden\/\" \/>\n<meta property=\"og:locale\" content=\"nl_NL\" \/>\n<meta property=\"og:type\" content=\"article\" \/>\n<meta property=\"og:title\" content=\"Douchewanden - JP Bri\u00e8re - Vitrier \u00e0 Bruxelles et dans la p\u00e9riph\u00e9rie\" \/>\n<meta property=\"og:description\" content=\"DouchewandenProducten en dienstenDouchewanden: luxe binnen handbereik Een glazen douchewand is niet alleen nuttig, het geeft ook en elegante uitstraling aan uw badkamer. Wat de grootte of configuratie van uw badkamer ook is, Glaswerken Bri\u00e8re levert en plaatst op maat gemaakte douchewanden en -deuren.Een op maat gemaakte douchewandElke badkamer is anders. Daarom zijn op maat gemaakte [&hellip;]\" \/>\n<meta property=\"og:url\" content=\"https:\/\/www.jpbriere.be\/nl\/douchewanden\/\" \/>\n<meta property=\"og:site_name\" content=\"JP Bri\u00e8re - Vitrier \u00e0 Bruxelles et dans la p\u00e9riph\u00e9rie\" \/>\n<meta property=\"article:modified_time\" content=\"2023-12-06T09:23:59+00:00\" \/>\n<meta name=\"twitter:card\" content=\"summary_large_image\" \/>\n<meta name=\"twitter:label1\" content=\"Geschatte leestijd\" \/>\n\t<meta name=\"twitter:data1\" content=\"10 minuten\" \/>\n<!-- \/ Yoast SEO plugin. -->","yoast_head_json":{"title":"Douchewanden - JP Bri\u00e8re - Vitrier \u00e0 Bruxelles et dans la p\u00e9riph\u00e9rie","robots":{"index":"index","follow":"follow","max-snippet":"max-snippet:-1","max-image-preview":"max-image-preview:large","max-video-preview":"max-video-preview:-1"},"canonical":"https:\/\/www.jpbriere.be\/nl\/douchewanden\/","og_locale":"nl_NL","og_type":"article","og_title":"Douchewanden - JP Bri\u00e8re - Vitrier \u00e0 Bruxelles et dans la p\u00e9riph\u00e9rie","og_description":"DouchewandenProducten en dienstenDouchewanden: luxe binnen handbereik Een glazen douchewand is niet alleen nuttig, het geeft ook en elegante uitstraling aan uw badkamer. Wat de grootte of configuratie van uw badkamer ook is, Glaswerken Bri\u00e8re levert en plaatst op maat gemaakte douchewanden en -deuren.Een op maat gemaakte douchewandElke badkamer is anders. Daarom zijn op maat gemaakte [&hellip;]","og_url":"https:\/\/www.jpbriere.be\/nl\/douchewanden\/","og_site_name":"JP Bri\u00e8re - Vitrier \u00e0 Bruxelles et dans la p\u00e9riph\u00e9rie","article_modified_time":"2023-12-06T09:23:59+00:00","twitter_card":"summary_large_image","twitter_misc":{"Geschatte leestijd":"10 minuten"},"schema":{"@context":"https:\/\/schema.org","@graph":[{"@type":"WebPage","@id":"https:\/\/www.jpbriere.be\/nl\/douchewanden\/","url":"https:\/\/www.jpbriere.be\/nl\/douchewanden\/","name":"Douchewanden - JP Bri\u00e8re - Vitrier \u00e0 Bruxelles et dans la p\u00e9riph\u00e9rie","isPartOf":{"@id":"https:\/\/www.jpbriere.be\/nl\/#website"},"datePublished":"2023-10-24T14:37:48+00:00","dateModified":"2023-12-06T09:23:59+00:00","breadcrumb":{"@id":"https:\/\/www.jpbriere.be\/nl\/douchewanden\/#breadcrumb"},"inLanguage":"nl-NL","potentialAction":[{"@type":"ReadAction","target":["https:\/\/www.jpbriere.be\/nl\/douchewanden\/"]}]},{"@type":"BreadcrumbList","@id":"https:\/\/www.jpbriere.be\/nl\/douchewanden\/#breadcrumb","itemListElement":[{"@type":"ListItem","position":1,"name":"Accueil","item":"https:\/\/www.jpbriere.be\/nl\/"},{"@type":"ListItem","position":2,"name":"Douchewanden"}]},{"@type":"WebSite","@id":"https:\/\/www.jpbriere.be\/nl\/#website","url":"https:\/\/www.jpbriere.be\/nl\/","name":"JP Bri\u00e8re - Vitrier \u00e0 Bruxelles et dans la p\u00e9riph\u00e9rie","description":"","potentialAction":[{"@type":"SearchAction","target":{"@type":"EntryPoint","urlTemplate":"https:\/\/www.jpbriere.be\/nl\/?s={search_term_string}"},"query-input":{"@type":"PropertyValueSpecification","valueRequired":true,"valueName":"search_term_string"}}],"inLanguage":"nl-NL"}]}},"_links":{"self":[{"href":"https:\/\/www.jpbriere.be\/nl\/wp-json\/wp\/v2\/pages\/231069","targetHints":{"allow":["GET"]}}],"collection":[{"href":"https:\/\/www.jpbriere.be\/nl\/wp-json\/wp\/v2\/pages"}],"about":[{"href":"https:\/\/www.jpbriere.be\/nl\/wp-json\/wp\/v2\/types\/page"}],"author":[{"embeddable":true,"href":"https:\/\/www.jpbriere.be\/nl\/wp-json\/wp\/v2\/users\/1"}],"replies":[{"embeddable":true,"href":"https:\/\/www.jpbriere.be\/nl\/wp-json\/wp\/v2\/comments?post=231069"}],"version-history":[{"count":2,"href":"https:\/\/www.jpbriere.be\/nl\/wp-json\/wp\/v2\/pages\/231069\/revisions"}],"predecessor-version":[{"id":231071,"href":"https:\/\/www.jpbriere.be\/nl\/wp-json\/wp\/v2\/pages\/231069\/revisions\/231071"}],"wp:attachment":[{"href":"https:\/\/www.jpbriere.be\/nl\/wp-json\/wp\/v2\/media?parent=231069"}],"curies":[{"name":"wp","href":"https:\/\/api.w.org\/{rel}","templated":true}]}}