{"id":231090,"date":"2023-10-25T07:49:25","date_gmt":"2023-10-25T07:49:25","guid":{"rendered":"https:\/\/briere.devsdms.be\/wie-zijn-we\/"},"modified":"2023-12-06T09:24:00","modified_gmt":"2023-12-06T09:24:00","slug":"wie-zijn-we","status":"publish","type":"page","link":"https:\/\/www.jpbriere.be\/nl\/wie-zijn-we\/","title":{"rendered":"Wie zijn we ?"},"content":{"rendered":"<p>[et_pb_section fb_built=&#8221;1&#8243; admin_label=&#8221;Header&#8221; _builder_version=&#8221;4.22.2&#8243; _module_preset=&#8221;default&#8221; background_enable_color=&#8221;off&#8221; use_background_color_gradient=&#8221;on&#8221; background_color_gradient_stops=&#8221;rgba(39,41,47,0.8) 0%|#27292f 100%&#8221; background_color_gradient_overlays_image=&#8221;on&#8221; background_image=&#8221;https:\/\/www.jpbriere.be\/wp-content\/uploads\/2023\/09\/Homepage-Double-Vitrage-e1695916264327.jpg&#8221; width=&#8221;94%&#8221; width_tablet=&#8221;80%&#8221; width_phone=&#8221;80%&#8221; width_last_edited=&#8221;on|desktop&#8221; max_width=&#8221;2000px&#8221; module_alignment=&#8221;center&#8221; custom_margin=&#8221;60px||60px||true|false&#8221; custom_padding=&#8221;6vw||6vw||true|false&#8221; hover_enabled=&#8221;0&#8243; border_radii=&#8221;on|10px|10px|10px|10px&#8221; locked=&#8221;off&#8221; collapsed=&#8221;on&#8221; global_colors_info=&#8221;{}&#8221; theme_builder_area=&#8221;post_content&#8221; title_text=&#8221;Homepage Double Vitrage&#8221; sticky_enabled=&#8221;0&#8243; animation_style=&#8221;fade&#8221;][et_pb_row _builder_version=&#8221;4.21.0&#8243; _module_preset=&#8221;default&#8221; global_colors_info=&#8221;{}&#8221; theme_builder_area=&#8221;post_content&#8221;][et_pb_column type=&#8221;4_4&#8243; _builder_version=&#8221;4.21.0&#8243; _module_preset=&#8221;default&#8221; global_colors_info=&#8221;{}&#8221; theme_builder_area=&#8221;post_content&#8221;][et_pb_text _builder_version=&#8221;4.21.0&#8243; _module_preset=&#8221;5c012932-f56a-482d-bc37-75106d517544&#8243; header_font=&#8221;Prata||||||||&#8221; header_text_color=&#8221;#FFFFFF&#8221; header_font_size=&#8221;72px&#8221; header_line_height=&#8221;1.2em&#8221; text_orientation=&#8221;center&#8221; header_font_size_tablet=&#8221;40px&#8221; header_font_size_phone=&#8221;24px&#8221; header_font_size_last_edited=&#8221;on|desktop&#8221; locked=&#8221;off&#8221; global_colors_info=&#8221;{}&#8221; theme_builder_area=&#8221;post_content&#8221;]<\/p>\n<h1>Wie zijn we ?<\/h1>\n<p>[\/et_pb_text][\/et_pb_column][\/et_pb_row][\/et_pb_section][et_pb_section fb_built=&#8221;1&#8243; admin_label=&#8221;About&#8221; _builder_version=&#8221;4.21.0&#8243; _module_preset=&#8221;default&#8221; locked=&#8221;off&#8221; collapsed=&#8221;on&#8221; global_colors_info=&#8221;{}&#8221; theme_builder_area=&#8221;post_content&#8221;][et_pb_row _builder_version=&#8221;4.22.0&#8243; _module_preset=&#8221;default&#8221; max_width=&#8221;800px&#8221; global_colors_info=&#8221;{}&#8221; theme_builder_area=&#8221;post_content&#8221;][et_pb_column type=&#8221;4_4&#8243; _builder_version=&#8221;4.21.0&#8243; _module_preset=&#8221;default&#8221; global_colors_info=&#8221;{}&#8221; theme_builder_area=&#8221;post_content&#8221;][et_pb_image src=&#8221;https:\/\/www.jpbriere.be\/wp-content\/uploads\/2023\/09\/JPB_logo_header.gif&#8221; title_text=&#8221;JPB_logo_header&#8221; align=&#8221;center&#8221; _builder_version=&#8221;4.22.2&#8243; _module_preset=&#8221;default&#8221; max_width=&#8221;300px&#8221; max_height=&#8221;128px&#8221; hover_enabled=&#8221;0&#8243; border_radii=&#8221;on|500px|500px|500px|500px&#8221; global_colors_info=&#8221;{}&#8221; theme_builder_area=&#8221;post_content&#8221; sticky_enabled=&#8221;0&#8243; animation_style=&#8221;fade&#8221; animation_delay=&#8221;200ms&#8221;][\/et_pb_image][et_pb_text _builder_version=&#8221;4.22.2&#8243; _module_preset=&#8221;68bc9b84-6cae-4980-8f81-43adfd4f0af7&#8243; text_font_size=&#8221;18px&#8221; text_line_height=&#8221;1.8em&#8221; text_orientation=&#8221;center&#8221; hover_enabled=&#8221;0&#8243; text_font_size_tablet=&#8221;15px&#8221; text_font_size_phone=&#8221;14px&#8221; text_font_size_last_edited=&#8221;on|desktop&#8221; global_colors_info=&#8221;{}&#8221; theme_builder_area=&#8221;post_content&#8221; text_font=&#8221;|300|||||||&#8221; sticky_enabled=&#8221;0&#8243; animation_style=&#8221;fade&#8221; animation_delay=&#8221;250ms&#8221;]In ons meer dan 35-jarig bestaan hebben we een uitstekende reputatie uitgebouwd op het vlak van de levering, de bewerking en de plaatsing van alle soorten glas op maat. Dankzij onze passie voor het vak gaan we samen met onze klanten steeds op zoek naar de meest esthetische oplossing die oog heeft voor de elegantie die glas biedt. Bij het plaatsen besteden we extra aandacht aan de afwerking omdat kwaliteit uiteindelijk ons beste visitekaartje is.[\/et_pb_text][\/et_pb_column][\/et_pb_row][et_pb_row column_structure=&#8221;2_5,3_5&#8243; use_custom_gutter=&#8221;on&#8221; gutter_width=&#8221;2&#8243; make_equal=&#8221;on&#8221; _builder_version=&#8221;4.22.2&#8243; _module_preset=&#8221;default&#8221; hover_enabled=&#8221;0&#8243; global_colors_info=&#8221;{}&#8221; theme_builder_area=&#8221;post_content&#8221; sticky_enabled=&#8221;0&#8243;][et_pb_column type=&#8221;2_5&#8243; _builder_version=&#8221;4.22.2&#8243; _module_preset=&#8221;default&#8221; background_image=&#8221;https:\/\/www.jpbriere.be\/wp-content\/uploads\/2023\/09\/Homepage-remplacement-de-vitrage-scaled.jpg&#8221; hover_enabled=&#8221;0&#8243; border_radii=&#8221;on|10px|10px|10px|10px&#8221; global_colors_info=&#8221;{}&#8221; theme_builder_area=&#8221;post_content&#8221; title_text=&#8221;Homepage remplacement de vitrage&#8221; sticky_enabled=&#8221;0&#8243; animation_style=&#8221;slide&#8221; animation_direction=&#8221;left&#8221; animation_intensity_slide=&#8221;1%&#8221;][et_pb_divider show_divider=&#8221;off&#8221; _builder_version=&#8221;4.21.0&#8243; _module_preset=&#8221;default&#8221; height_tablet=&#8221;40vw&#8221; height_phone=&#8221;40vw&#8221; height_last_edited=&#8221;on|desktop&#8221; locked=&#8221;off&#8221; global_colors_info=&#8221;{}&#8221; theme_builder_area=&#8221;post_content&#8221;][\/et_pb_divider][\/et_pb_column][et_pb_column type=&#8221;3_5&#8243; _builder_version=&#8221;4.22.2&#8243; _module_preset=&#8221;default&#8221; background_color=&#8221;gcid-70184d90-89dc-4d37-8a72-67bb78c7369e&#8221; custom_padding=&#8221;50px|50px|50px|50px|true|true&#8221; custom_padding_tablet=&#8221;30px|30px|30px|30px|true|true&#8221; custom_padding_phone=&#8221;20px|20px|20px|20px|true|true&#8221; custom_padding_last_edited=&#8221;on|desktop&#8221; hover_enabled=&#8221;0&#8243; border_radii=&#8221;on|10px|10px|10px|10px&#8221; global_colors_info=&#8221;{%22gcid-70184d90-89dc-4d37-8a72-67bb78c7369e%22:%91%22background_color%22%93}&#8221; theme_builder_area=&#8221;post_content&#8221; animation_style=&#8221;fade&#8221; sticky_enabled=&#8221;0&#8243;][et_pb_text _builder_version=&#8221;4.22.2&#8243; _module_preset=&#8221;11bbacdd-1e38-408e-b302-a80045a540ec&#8221; header_3_font=&#8221;|300|||||||&#8221; header_3_font_size=&#8221;36px&#8221; header_3_line_height=&#8221;1.4em&#8221; custom_margin=&#8221;||10px||false|false&#8221; hover_enabled=&#8221;0&#8243; header_3_font_size_tablet=&#8221;20px&#8221; header_3_font_size_phone=&#8221;16px&#8221; header_3_font_size_last_edited=&#8221;on|desktop&#8221; global_colors_info=&#8221;{}&#8221; theme_builder_area=&#8221;post_content&#8221; sticky_enabled=&#8221;0&#8243;]<\/p>\n<h3>Een beetje geschiedenis<\/h3>\n<p>[\/et_pb_text][et_pb_text _builder_version=&#8221;4.22.2&#8243; _module_preset=&#8221;68bc9b84-6cae-4980-8f81-43adfd4f0af7&#8243; text_font_size=&#8221;16px&#8221; text_line_height=&#8221;1.8em&#8221; hover_enabled=&#8221;0&#8243; text_font_size_tablet=&#8221;15px&#8221; text_font_size_phone=&#8221;14px&#8221; text_font_size_last_edited=&#8221;on|desktop&#8221; global_colors_info=&#8221;{}&#8221; theme_builder_area=&#8221;post_content&#8221; text_font=&#8221;|300|||||||&#8221; sticky_enabled=&#8221;0&#8243;]In 1986 beslist glazenmaker Jean-Paul Bri\u00e8re om zijn eigen atelier te openen in Molenbeek. Over de jaren heen bouwt hij een uitgebreid cli\u00ebnteel van particulieren en bedrijven uit. <\/p>\n<p>De lokalen in Molenbeek worden uiteindelijk te klein en daarom beslist Jean-Paul Bri\u00e8re in 1997 om te verhuizen naar de Jacques Sermonlaan in Ganshoren waar het bedrijf tot op vandaag nog steeds gevestigd is. <\/p>\n<p>Met zijn pensioenleeftijd al ruim overschreden, laat Jean-Paul Bri\u00e8re in 2017 zijn bedrijf over aan Koen Dekoning die vastberaden is om het maat- en kwaliteitwerk van zijn voorganger verder te zetten.<br \/>\n[\/et_pb_text][\/et_pb_column][\/et_pb_row][et_pb_row _builder_version=&#8221;4.22.0&#8243; _module_preset=&#8221;default&#8221; locked=&#8221;off&#8221; global_colors_info=&#8221;{}&#8221; theme_builder_area=&#8221;post_content&#8221;][et_pb_column type=&#8221;4_4&#8243; _builder_version=&#8221;4.22.0&#8243; _module_preset=&#8221;default&#8221; global_colors_info=&#8221;{}&#8221; theme_builder_area=&#8221;post_content&#8221;][et_pb_button button_text=&#8221;Bekijk onze projecten&#8221; button_alignment=&#8221;center&#8221; _builder_version=&#8221;4.22.2&#8243; _module_preset=&#8221;c0ed0e43-8890-47ef-af82-78069d7d6f1f&#8221; custom_button=&#8221;on&#8221; button_text_size=&#8221;14px&#8221; button_text_color=&#8221;#FFFFFF&#8221; button_bg_color=&#8221;#27292f&#8221; button_border_width=&#8221;0px&#8221; button_border_radius=&#8221;0px&#8221; button_letter_spacing=&#8221;0.16em&#8221; button_font=&#8221;Inter|700||on|||||&#8221; custom_padding=&#8221;18px|24px|18px|24px|true|true&#8221; hover_enabled=&#8221;0&#8243; global_colors_info=&#8221;{}&#8221; theme_builder_area=&#8221;post_content&#8221; button_url=&#8221;@ET-DC@eyJkeW5hbWljIjp0cnVlLCJjb250ZW50IjoicG9zdF9saW5rX3VybF9wYWdlIiwic2V0dGluZ3MiOnsicG9zdF9pZCI6IjIzMDg0NiJ9fQ==@&#8221; _dynamic_attributes=&#8221;button_url&#8221; sticky_enabled=&#8221;0&#8243; animation_style=&#8221;fade&#8221; animation_delay=&#8221;200ms&#8221;][\/et_pb_button][\/et_pb_column][\/et_pb_row][\/et_pb_section][et_pb_section fb_built=&#8221;1&#8243; admin_label=&#8221;Testimonials&#8221; _builder_version=&#8221;4.21.0&#8243; _module_preset=&#8221;default&#8221; collapsed=&#8221;on&#8221; global_colors_info=&#8221;{}&#8221; theme_builder_area=&#8221;post_content&#8221; disabled_on=&#8221;on|on|on&#8221; disabled=&#8221;on&#8221;][et_pb_row _builder_version=&#8221;4.21.0&#8243; _module_preset=&#8221;default&#8221; global_colors_info=&#8221;{}&#8221; theme_builder_area=&#8221;post_content&#8221;][et_pb_column type=&#8221;4_4&#8243; _builder_version=&#8221;4.21.0&#8243; _module_preset=&#8221;default&#8221; global_colors_info=&#8221;{}&#8221; theme_builder_area=&#8221;post_content&#8221;][et_pb_text _builder_version=&#8221;4.21.0&#8243; _module_preset=&#8221;3cb32613-08f6-439d-9ba1-14d4ea9086d5&#8243; header_2_font=&#8221;Prata||||||||&#8221; header_2_font_size=&#8221;52px&#8221; header_2_line_height=&#8221;1.2em&#8221; text_orientation=&#8221;center&#8221; hover_enabled=&#8221;0&#8243; header_2_font_size_tablet=&#8221;32px&#8221; header_2_font_size_phone=&#8221;20px&#8221; header_2_font_size_last_edited=&#8221;on|desktop&#8221; global_colors_info=&#8221;{}&#8221; theme_builder_area=&#8221;post_content&#8221; sticky_enabled=&#8221;0&#8243;]<\/p>\n<h2>Getuigenissen<\/h2>\n<p>[\/et_pb_text][et_pb_slider arrows_custom_color=&#8221;gcid-d056ff0b-a85f-45b3-bb11-a75debfb13bf&#8221; dot_nav_custom_color=&#8221;gcid-d056ff0b-a85f-45b3-bb11-a75debfb13bf&#8221; _builder_version=&#8221;4.21.0&#8243; _module_preset=&#8221;a9b7261c-6e55-4f61-90fd-daa884baee6f&#8221; header_font=&#8221;Prata||||||||&#8221; header_text_color=&#8221;gcid-d056ff0b-a85f-45b3-bb11-a75debfb13bf&#8221; header_font_size=&#8221;36px&#8221; header_line_height=&#8221;1.4em&#8221; body_text_color=&#8221;gcid-9d98294c-d1ae-4311-865c-0d2bedb19256&#8243; body_font_size=&#8221;16px&#8221; body_line_height=&#8221;1.8em&#8221; background_color=&#8221;RGBA(255,255,255,0)&#8221; custom_button=&#8221;on&#8221; button_text_size=&#8221;14px&#8221; button_text_color=&#8221;#FFFFFF&#8221; button_bg_color=&#8221;#496572&#8243; button_border_width=&#8221;0px&#8221; button_border_radius=&#8221;0px&#8221; button_letter_spacing=&#8221;0.16em&#8221; button_font=&#8221;Inter|700||on|||||&#8221; button_custom_padding=&#8221;18px|24px|18px|24px|true|true&#8221; custom_padding=&#8221;0px||||false|false&#8221; header_font_size_tablet=&#8221;20px&#8221; header_font_size_phone=&#8221;16px&#8221; header_font_size_last_edited=&#8221;on|desktop&#8221; body_font_size_tablet=&#8221;15px&#8221; body_font_size_phone=&#8221;14px&#8221; body_font_size_last_edited=&#8221;on|desktop&#8221; text_shadow_style=&#8221;preset3&#8243; text_shadow_color=&#8221;RGBA(255,255,255,0)&#8221; locked=&#8221;off&#8221; global_colors_info=&#8221;{%22gcid-d056ff0b-a85f-45b3-bb11-a75debfb13bf%22:%91%22header_text_color%22,%22arrows_custom_color%22,%22dot_nav_custom_color%22%93,%22gcid-9d98294c-d1ae-4311-865c-0d2bedb19256%22:%91%22body_text_color%22%93}&#8221; theme_builder_area=&#8221;post_content&#8221;][et_pb_slide heading=&#8221;%22Vitae consequat augue. Vivamus eget dolor vel quam condimentum sodales in bibendum odio urna sit amet.%22&#8243; _builder_version=&#8221;4.21.0&#8243; _module_preset=&#8221;default&#8221; locked=&#8221;off&#8221; global_colors_info=&#8221;{}&#8221; sticky_transition=&#8221;on&#8221; theme_builder_area=&#8221;post_content&#8221;]Kason EspinosaGetuigenissen[\/et_pb_slide][et_pb_slide heading=&#8221;%22In non pulvinar purus. Curabitur nisi odio, blandit et elit at, suscipit pharetra efficitur elit. Semper leo et sapien lobortis facilisis aliquam feugiat ut diam non tempus et malesuada.%22&#8243; _builder_version=&#8221;4.21.0&#8243; _module_preset=&#8221;default&#8221; locked=&#8221;off&#8221; global_colors_info=&#8221;{}&#8221; sticky_transition=&#8221;on&#8221; theme_builder_area=&#8221;post_content&#8221;]Saif Guerra[\/et_pb_slide][et_pb_slide heading=&#8221;%22Donec sed finibus nisi. Semper leo et sapien lobortis facilisis aliquam feugiat ut diam non tempus et malesuada.%22&#8243; _builder_version=&#8221;4.21.0&#8243; _module_preset=&#8221;default&#8221; locked=&#8221;off&#8221; global_colors_info=&#8221;{}&#8221; sticky_transition=&#8221;on&#8221; theme_builder_area=&#8221;post_content&#8221;]Juanita Moran[\/et_pb_slide][\/et_pb_slider][\/et_pb_column][\/et_pb_row][\/et_pb_section][et_pb_section fb_built=&#8221;1&#8243; admin_label=&#8221;Call to Action&#8221; _builder_version=&#8221;4.22.2&#8243; _module_preset=&#8221;default&#8221; background_color=&#8221;gcid-9b6faa03-cd53-4a66-a100-88fe19830c47&#8243; width=&#8221;94%&#8221; width_tablet=&#8221;80%&#8221; width_phone=&#8221;80%&#8221; width_last_edited=&#8221;on|desktop&#8221; max_width=&#8221;2000px&#8221; module_alignment=&#8221;center&#8221; custom_margin=&#8221;60px||60px||true|false&#8221; hover_enabled=&#8221;0&#8243; border_radii=&#8221;on|10px|10px|10px|10px&#8221; locked=&#8221;off&#8221; collapsed=&#8221;on&#8221; global_colors_info=&#8221;{%22gcid-9b6faa03-cd53-4a66-a100-88fe19830c47%22:%91%22background_color%22%93}&#8221; theme_builder_area=&#8221;post_content&#8221; sticky_enabled=&#8221;0&#8243; animation_style=&#8221;fade&#8221;][et_pb_row _builder_version=&#8221;4.21.0&#8243; _module_preset=&#8221;default&#8221; max_width=&#8221;800px&#8221; global_colors_info=&#8221;{}&#8221; theme_builder_area=&#8221;post_content&#8221;][et_pb_column type=&#8221;4_4&#8243; _builder_version=&#8221;4.21.0&#8243; _module_preset=&#8221;default&#8221; global_colors_info=&#8221;{}&#8221; theme_builder_area=&#8221;post_content&#8221;][et_pb_text _builder_version=&#8221;4.22.2&#8243; _module_preset=&#8221;3cb32613-08f6-439d-9ba1-14d4ea9086d5&#8243; header_2_font=&#8221;|300||on|||||&#8221; header_2_text_color=&#8221;#FFFFFF&#8221; header_2_font_size=&#8221;52px&#8221; header_2_line_height=&#8221;1.2em&#8221; text_orientation=&#8221;center&#8221; custom_margin=&#8221;||10px||false|false&#8221; hover_enabled=&#8221;0&#8243; header_2_font_size_tablet=&#8221;32px&#8221; header_2_font_size_phone=&#8221;20px&#8221; header_2_font_size_last_edited=&#8221;on|desktop&#8221; locked=&#8221;off&#8221; global_colors_info=&#8221;{}&#8221; theme_builder_area=&#8221;post_content&#8221; sticky_enabled=&#8221;0&#8243;]<\/p>\n<h2>Gratis offerte<\/h2>\n<p>[\/et_pb_text][et_pb_text _builder_version=&#8221;4.22.2&#8243; _module_preset=&#8221;68bc9b84-6cae-4980-8f81-43adfd4f0af7&#8243; text_text_color=&#8221;#FFFFFF&#8221; text_font_size=&#8221;16px&#8221; text_line_height=&#8221;1.8em&#8221; text_orientation=&#8221;center&#8221; hover_enabled=&#8221;0&#8243; text_font_size_tablet=&#8221;15px&#8221; text_font_size_phone=&#8221;14px&#8221; text_font_size_last_edited=&#8221;on|desktop&#8221; locked=&#8221;off&#8221; global_colors_info=&#8221;{}&#8221; theme_builder_area=&#8221;post_content&#8221; sticky_enabled=&#8221;0&#8243;]Aarzel niet om ons te bellen of een bericht te sturen voor een gratis offerte. [\/et_pb_text][et_pb_button button_text=&#8221;Contacteer-ons&#8221; button_alignment=&#8221;center&#8221; _builder_version=&#8221;4.22.2&#8243; _module_preset=&#8221;e0143260-d6d2-4fa4-9b28-bcdcfcd9a24b&#8221; custom_button=&#8221;on&#8221; button_text_size=&#8221;14px&#8221; button_text_color=&#8221;#FFFFFF&#8221; button_bg_color=&#8221;RGBA(255,255,255,0)&#8221; button_border_color=&#8221;#FFFFFF&#8221; button_border_radius=&#8221;0px&#8221; button_letter_spacing=&#8221;0.16em&#8221; button_font=&#8221;Inter|700||on|||||&#8221; custom_padding=&#8221;18px|24px|18px|24px|true|true&#8221; hover_enabled=&#8221;0&#8243; locked=&#8221;off&#8221; global_colors_info=&#8221;{}&#8221; theme_builder_area=&#8221;post_content&#8221; sticky_enabled=&#8221;0&#8243;][\/et_pb_button][\/et_pb_column][\/et_pb_row][\/et_pb_section]<\/p>\n","protected":false},"excerpt":{"rendered":"<p>Wie zijn we ?In ons meer dan 35-jarig bestaan hebben we een uitstekende reputatie uitgebouwd op het vlak van de levering, de bewerking en de plaatsing van alle soorten glas op maat. Dankzij onze passie voor het vak gaan we samen met onze klanten steeds op zoek naar de meest esthetische oplossing die oog heeft [&hellip;]<\/p>\n","protected":false},"author":1,"featured_media":0,"parent":0,"menu_order":0,"comment_status":"closed","ping_status":"closed","template":"","meta":{"_et_pb_use_builder":"on","_et_pb_old_content":"","_et_gb_content_width":"","footnotes":""},"class_list":["post-231090","page","type-page","status-publish","hentry"],"yoast_head":"<!-- This site is optimized with the Yoast SEO plugin v27.5 - https:\/\/yoast.com\/product\/yoast-seo-wordpress\/ -->\n<title>Wie zijn we ? - JP Bri\u00e8re - Vitrier \u00e0 Bruxelles et dans la p\u00e9riph\u00e9rie<\/title>\n<meta name=\"robots\" content=\"index, follow, max-snippet:-1, max-image-preview:large, max-video-preview:-1\" \/>\n<link rel=\"canonical\" href=\"https:\/\/www.jpbriere.be\/nl\/wie-zijn-we\/\" \/>\n<meta property=\"og:locale\" content=\"nl_NL\" \/>\n<meta property=\"og:type\" content=\"article\" \/>\n<meta property=\"og:title\" content=\"Wie zijn we ? - JP Bri\u00e8re - Vitrier \u00e0 Bruxelles et dans la p\u00e9riph\u00e9rie\" \/>\n<meta property=\"og:description\" content=\"Wie zijn we ?In ons meer dan 35-jarig bestaan hebben we een uitstekende reputatie uitgebouwd op het vlak van de levering, de bewerking en de plaatsing van alle soorten glas op maat. Dankzij onze passie voor het vak gaan we samen met onze klanten steeds op zoek naar de meest esthetische oplossing die oog heeft [&hellip;]\" \/>\n<meta property=\"og:url\" content=\"https:\/\/www.jpbriere.be\/nl\/wie-zijn-we\/\" \/>\n<meta property=\"og:site_name\" content=\"JP Bri\u00e8re - Vitrier \u00e0 Bruxelles et dans la p\u00e9riph\u00e9rie\" \/>\n<meta property=\"article:modified_time\" content=\"2023-12-06T09:24:00+00:00\" \/>\n<meta name=\"twitter:card\" content=\"summary_large_image\" \/>\n<meta name=\"twitter:label1\" content=\"Geschatte leestijd\" \/>\n\t<meta name=\"twitter:data1\" content=\"10 minuten\" \/>\n<!-- \/ Yoast SEO plugin. -->","yoast_head_json":{"title":"Wie zijn we ? - JP Bri\u00e8re - Vitrier \u00e0 Bruxelles et dans la p\u00e9riph\u00e9rie","robots":{"index":"index","follow":"follow","max-snippet":"max-snippet:-1","max-image-preview":"max-image-preview:large","max-video-preview":"max-video-preview:-1"},"canonical":"https:\/\/www.jpbriere.be\/nl\/wie-zijn-we\/","og_locale":"nl_NL","og_type":"article","og_title":"Wie zijn we ? - JP Bri\u00e8re - Vitrier \u00e0 Bruxelles et dans la p\u00e9riph\u00e9rie","og_description":"Wie zijn we ?In ons meer dan 35-jarig bestaan hebben we een uitstekende reputatie uitgebouwd op het vlak van de levering, de bewerking en de plaatsing van alle soorten glas op maat. Dankzij onze passie voor het vak gaan we samen met onze klanten steeds op zoek naar de meest esthetische oplossing die oog heeft [&hellip;]","og_url":"https:\/\/www.jpbriere.be\/nl\/wie-zijn-we\/","og_site_name":"JP Bri\u00e8re - Vitrier \u00e0 Bruxelles et dans la p\u00e9riph\u00e9rie","article_modified_time":"2023-12-06T09:24:00+00:00","twitter_card":"summary_large_image","twitter_misc":{"Geschatte leestijd":"10 minuten"},"schema":{"@context":"https:\/\/schema.org","@graph":[{"@type":"WebPage","@id":"https:\/\/www.jpbriere.be\/nl\/wie-zijn-we\/","url":"https:\/\/www.jpbriere.be\/nl\/wie-zijn-we\/","name":"Wie zijn we ? - JP Bri\u00e8re - Vitrier \u00e0 Bruxelles et dans la p\u00e9riph\u00e9rie","isPartOf":{"@id":"https:\/\/www.jpbriere.be\/nl\/#website"},"datePublished":"2023-10-25T07:49:25+00:00","dateModified":"2023-12-06T09:24:00+00:00","breadcrumb":{"@id":"https:\/\/www.jpbriere.be\/nl\/wie-zijn-we\/#breadcrumb"},"inLanguage":"nl-NL","potentialAction":[{"@type":"ReadAction","target":["https:\/\/www.jpbriere.be\/nl\/wie-zijn-we\/"]}]},{"@type":"BreadcrumbList","@id":"https:\/\/www.jpbriere.be\/nl\/wie-zijn-we\/#breadcrumb","itemListElement":[{"@type":"ListItem","position":1,"name":"Accueil","item":"https:\/\/www.jpbriere.be\/nl\/"},{"@type":"ListItem","position":2,"name":"Wie zijn we ?"}]},{"@type":"WebSite","@id":"https:\/\/www.jpbriere.be\/nl\/#website","url":"https:\/\/www.jpbriere.be\/nl\/","name":"JP Bri\u00e8re - Vitrier \u00e0 Bruxelles et dans la p\u00e9riph\u00e9rie","description":"","potentialAction":[{"@type":"SearchAction","target":{"@type":"EntryPoint","urlTemplate":"https:\/\/www.jpbriere.be\/nl\/?s={search_term_string}"},"query-input":{"@type":"PropertyValueSpecification","valueRequired":true,"valueName":"search_term_string"}}],"inLanguage":"nl-NL"}]}},"_links":{"self":[{"href":"https:\/\/www.jpbriere.be\/nl\/wp-json\/wp\/v2\/pages\/231090","targetHints":{"allow":["GET"]}}],"collection":[{"href":"https:\/\/www.jpbriere.be\/nl\/wp-json\/wp\/v2\/pages"}],"about":[{"href":"https:\/\/www.jpbriere.be\/nl\/wp-json\/wp\/v2\/types\/page"}],"author":[{"embeddable":true,"href":"https:\/\/www.jpbriere.be\/nl\/wp-json\/wp\/v2\/users\/1"}],"replies":[{"embeddable":true,"href":"https:\/\/www.jpbriere.be\/nl\/wp-json\/wp\/v2\/comments?post=231090"}],"version-history":[{"count":5,"href":"https:\/\/www.jpbriere.be\/nl\/wp-json\/wp\/v2\/pages\/231090\/revisions"}],"predecessor-version":[{"id":231095,"href":"https:\/\/www.jpbriere.be\/nl\/wp-json\/wp\/v2\/pages\/231090\/revisions\/231095"}],"wp:attachment":[{"href":"https:\/\/www.jpbriere.be\/nl\/wp-json\/wp\/v2\/media?parent=231090"}],"curies":[{"name":"wp","href":"https:\/\/api.w.org\/{rel}","templated":true}]}}